{"id":63,"date":"2024-04-04T17:37:17","date_gmt":"2024-04-04T15:37:17","guid":{"rendered":"https:\/\/jugend.tennisturnier-heufeld.de\/?page_id=63"},"modified":"2024-04-08T21:23:19","modified_gmt":"2024-04-08T19:23:19","slug":"news","status":"publish","type":"page","link":"https:\/\/jugend.tennisturnier-heufeld.de\/index.php\/news\/","title":{"rendered":"News"},"content":{"rendered":"\n<div class=\"wp-block-query is-layout-flow wp-block-query-is-layout-flow\"><ul class=\"columns-3 wp-block-post-template is-layout-grid wp-container-core-post-template-is-layout-1 wp-block-post-template-is-layout-grid\"><li class=\"wp-block-post post-1231 post type-post status-publish format-standard hentry category-allgemein tag-news\">\n\n<div class=\"wp-block-group has-border-color is-vertical is-content-justification-left is-nowrap is-layout-flex wp-container-core-group-is-layout-2 wp-block-group-is-layout-flex\" style=\"border-color:#dddddd;border-width:1px;border-radius:0px;min-height:360px;margin-top:0;margin-bottom:0;padding-top:0;padding-right:4px;padding-bottom:0;padding-left:4px\">\n<div class=\"wp-block-columns is-layout-flex wp-container-core-columns-is-layout-1 wp-block-columns-is-layout-flex\">\n<div class=\"wp-block-column is-vertically-aligned-top has-global-padding is-layout-constrained wp-container-core-column-is-layout-1 wp-block-column-is-layout-constrained\">\n<div class=\"wp-block-group has-global-padding is-layout-constrained wp-block-group-is-layout-constrained\" style=\"padding-top:var(--wp--preset--spacing--10);padding-right:var(--wp--preset--spacing--10);padding-bottom:var(--wp--preset--spacing--10);padding-left:var(--wp--preset--spacing--10)\"><div class=\"wp-block-post-date\"><time datetime=\"2026-05-07T12:58:34+02:00\">7. Mai 2026<\/time><\/div>\n\n<h3 class=\"wp-block-post-title\"><a href=\"https:\/\/jugend.tennisturnier-heufeld.de\/index.php\/anmeldung-fuer-das-turnier-2026-ab-sofort-moeglich\/\" target=\"_self\" >Anmeldung f\u00fcr das Turnier 2026 ab sofort m\u00f6glich!<\/a><\/h3>\n\n<div class=\"entry-content wp-block-post-content is-layout-flow wp-block-post-content-is-layout-flow\">\n<figure class=\"wp-block-image size-full wp-duotone-unset-1\"><img loading=\"lazy\" decoding=\"async\" width=\"520\" height=\"520\" src=\"https:\/\/jugend.tennisturnier-heufeld.de\/wp-content\/uploads\/2025\/05\/Anmeldung-moeglich-e1746528920920.png\" alt=\"\" class=\"wp-image-896\"\/><\/figure>\n\n\n\n<p>Das Jugendturnier wurde vom Verband genehmigt und die Anmeldung ist ab sofort und bis einschlie\u00dflich 2. August 2026 m\u00f6glich. Die Anmeldung erfolgt \u00fcber tennis.de:<\/p>\n\n\n\n<ul>\n<li><a href=\"https:\/\/www.tennis.de\/spielen\/spielbetrieb\/turniersuche.html#detail\/836259\" target=\"_blank\" rel=\"noreferrer noopener\">26. Heufelder Jugendturnier<\/a><\/li>\n<\/ul>\n\n\n\n<p><strong>Achtung:&nbsp;<\/strong><br>Du ben\u00f6tigst eine Lizenz f\u00fcr Ranglisten- und LK-Spieler, um an Turnieren mit Ranglisten- oder LK-Wertung teilnehmen zu k\u00f6nnen. Die reine Lizenz f\u00fcr Ranglisten- und LK-Spieler ist im&nbsp;<strong>tennis.de LIZENZ<\/strong>&nbsp;Abonnement enthalten. Teilnehmerinnen und Teilnehmer am U10 Wettbewerb (m\/w) sind davon ausgenommen.<\/p>\n\n\n\n<p><\/p>\n\n\n\n<p>Wenn du Probleme mit der Anmeldung hast, schreibe uns eine E-Mail:<\/p>\n\n\n\n<p><a href=\"mailto:anmeldung@tennistturnier-heufeld.de\">anmeldung@tennisturnier-heufeld.de<\/a><\/p>\n\n\n\n<p>Bitte Name, Vorname, GebDat, Verein, Spielklasse, TelNr angeben.<\/p>\n<\/div><\/div>\n<\/div>\n<\/div>\n<\/div>\n\n<\/li><li class=\"wp-block-post post-1185 post type-post status-publish format-standard hentry category-allgemein tag-news\">\n\n<div class=\"wp-block-group has-border-color is-vertical is-content-justification-left is-nowrap is-layout-flex wp-container-core-group-is-layout-4 wp-block-group-is-layout-flex\" style=\"border-color:#dddddd;border-width:1px;border-radius:0px;min-height:360px;margin-top:0;margin-bottom:0;padding-top:0;padding-right:4px;padding-bottom:0;padding-left:4px\">\n<div class=\"wp-block-columns is-layout-flex wp-container-core-columns-is-layout-2 wp-block-columns-is-layout-flex\">\n<div class=\"wp-block-column is-vertically-aligned-top has-global-padding is-layout-constrained wp-container-core-column-is-layout-2 wp-block-column-is-layout-constrained\">\n<div class=\"wp-block-group has-global-padding is-layout-constrained wp-block-group-is-layout-constrained\" style=\"padding-top:var(--wp--preset--spacing--10);padding-right:var(--wp--preset--spacing--10);padding-bottom:var(--wp--preset--spacing--10);padding-left:var(--wp--preset--spacing--10)\"><div class=\"wp-block-post-date\"><time datetime=\"2025-08-13T10:47:56+02:00\">13. August 2025<\/time><\/div>\n\n<h3 class=\"wp-block-post-title\"><a href=\"https:\/\/jugend.tennisturnier-heufeld.de\/index.php\/1000-und-25-dank\/\" target=\"_self\" >1000 und 25 Dank!<\/a><\/h3>\n\n<div class=\"entry-content wp-block-post-content is-layout-flow wp-block-post-content-is-layout-flow\">\n<figure class=\"wp-block-image size-full wp-duotone-unset-2\"><img loading=\"lazy\" decoding=\"async\" width=\"681\" height=\"681\" src=\"https:\/\/jugend.tennisturnier-heufeld.de\/wp-content\/uploads\/2025\/08\/Danke-e1755074341764.jpg\" alt=\"\" class=\"wp-image-1186\" srcset=\"https:\/\/jugend.tennisturnier-heufeld.de\/wp-content\/uploads\/2025\/08\/Danke-e1755074341764.jpg 681w, https:\/\/jugend.tennisturnier-heufeld.de\/wp-content\/uploads\/2025\/08\/Danke-e1755074341764-300x300.jpg 300w, https:\/\/jugend.tennisturnier-heufeld.de\/wp-content\/uploads\/2025\/08\/Danke-e1755074341764-150x150.jpg 150w\" sizes=\"(max-width: 681px) 100vw, 681px\" \/><\/figure>\n\n\n\n<p>Vielen Dank an alle Spielerinnen und Spieler f\u00fcr eure Teilnahme an unserem Jubil\u00e4umsturnier. W\u00e4rend der 5 Tage habt ihr faire und hochklassige Matches geliefert und somit alle begeistert!<br><br>Ebenso herzlichen Dank an alle flei\u00dfigen Helferinnen und Helfer, das gesamte Organisations- und Cateringteam, an den Besaitungsservice Reling und vor allem auch an den TV Feldkirchen, welcher uns mit zus\u00e4tzlichen Platzkapazit\u00e4ten und tatkr\u00e4ftiger Mitarbeit unterst\u00fctzt hat.<br><br>Ohne euch alle w\u00e4re so ein gro\u00dfes Turnier nicht m\u00f6glich. Vielen lieben Dank!!! \ud83e\udd17<\/p>\n\n\n\n<p>Fotos zum Turnier findet ihr wieder in\u00a0<a href=\"https:\/\/skiteam.jalbum.net\/Heufelder%20Tennis%20Jugendturnier%202025\/\" target=\"_blank\" rel=\"noreferrer noopener\">unserem Album<\/a>.<\/p>\n\n\n\n<p>Wir hoffen, euch n\u00e4chstes Jahr wieder bei uns in Heufeld begr\u00fc\u00dfen zu d\u00fcrfen!<br>Bis dahin, bleibt alle gesund und verletzungsfrei \ud83c\udf40<\/p>\n<\/div><\/div>\n<\/div>\n<\/div>\n<\/div>\n\n<\/li><li class=\"wp-block-post post-1171 post type-post status-publish format-standard hentry category-allgemein tag-news\">\n\n<div class=\"wp-block-group has-border-color is-vertical is-content-justification-left is-nowrap is-layout-flex wp-container-core-group-is-layout-6 wp-block-group-is-layout-flex\" style=\"border-color:#dddddd;border-width:1px;border-radius:0px;min-height:360px;margin-top:0;margin-bottom:0;padding-top:0;padding-right:4px;padding-bottom:0;padding-left:4px\">\n<div class=\"wp-block-columns is-layout-flex wp-container-core-columns-is-layout-3 wp-block-columns-is-layout-flex\">\n<div class=\"wp-block-column is-vertically-aligned-top has-global-padding is-layout-constrained wp-container-core-column-is-layout-3 wp-block-column-is-layout-constrained\">\n<div class=\"wp-block-group has-global-padding is-layout-constrained wp-block-group-is-layout-constrained\" style=\"padding-top:var(--wp--preset--spacing--10);padding-right:var(--wp--preset--spacing--10);padding-bottom:var(--wp--preset--spacing--10);padding-left:var(--wp--preset--spacing--10)\"><div class=\"wp-block-post-date\"><time datetime=\"2025-08-07T07:53:29+02:00\">7. August 2025<\/time><\/div>\n\n<h3 class=\"wp-block-post-title\"><a href=\"https:\/\/jugend.tennisturnier-heufeld.de\/index.php\/fundsachen-bei-der-turnierleitung\/\" target=\"_self\" >Fundsachen bei der Turnierleitung<\/a><\/h3>\n\n<div class=\"entry-content wp-block-post-content is-layout-flow wp-block-post-content-is-layout-flow\">\n<figure class=\"wp-block-image size-full wp-duotone-unset-3\"><img loading=\"lazy\" decoding=\"async\" width=\"520\" height=\"520\" src=\"https:\/\/jugend.tennisturnier-heufeld.de\/wp-content\/uploads\/2025\/08\/Turnierleitung-e1754545741400.jpg\" alt=\"\" class=\"wp-image-1170\"\/><\/figure>\n\n\n\n<p>Liegen gebliebene Gegenst\u00e4nde wie T-Shirts, Flaschen, Handt\u00fccher k\u00f6nnen bei der Turnierleitung abgeholt werden!<\/p>\n<\/div><\/div>\n<\/div>\n<\/div>\n<\/div>\n\n<\/li><li class=\"wp-block-post post-1145 post type-post status-publish format-standard hentry category-allgemein tag-news\">\n\n<div class=\"wp-block-group has-border-color is-vertical is-content-justification-left is-nowrap is-layout-flex wp-container-core-group-is-layout-8 wp-block-group-is-layout-flex\" style=\"border-color:#dddddd;border-width:1px;border-radius:0px;min-height:360px;margin-top:0;margin-bottom:0;padding-top:0;padding-right:4px;padding-bottom:0;padding-left:4px\">\n<div class=\"wp-block-columns is-layout-flex wp-container-core-columns-is-layout-4 wp-block-columns-is-layout-flex\">\n<div class=\"wp-block-column is-vertically-aligned-top has-global-padding is-layout-constrained wp-container-core-column-is-layout-4 wp-block-column-is-layout-constrained\">\n<div class=\"wp-block-group has-global-padding is-layout-constrained wp-block-group-is-layout-constrained\" style=\"padding-top:var(--wp--preset--spacing--10);padding-right:var(--wp--preset--spacing--10);padding-bottom:var(--wp--preset--spacing--10);padding-left:var(--wp--preset--spacing--10)\"><div class=\"wp-block-post-date\"><time datetime=\"2025-08-05T12:59:57+02:00\">5. August 2025<\/time><\/div>\n\n<h3 class=\"wp-block-post-title\"><a href=\"https:\/\/jugend.tennisturnier-heufeld.de\/index.php\/wir-sind-bereit\/\" target=\"_self\" >Wir sind bereit!<\/a><\/h3>\n\n<div class=\"entry-content wp-block-post-content is-layout-flow wp-block-post-content-is-layout-flow\">\n<figure class=\"wp-block-image size-full wp-duotone-unset-4\"><img loading=\"lazy\" decoding=\"async\" width=\"520\" height=\"520\" src=\"https:\/\/jugend.tennisturnier-heufeld.de\/wp-content\/uploads\/2025\/08\/Auslosung-erfolgt-e1754391533559.png\" alt=\"\" class=\"wp-image-1146\"\/><\/figure>\n\n\n\n<p>Am Mittwoch, 6. August, geht es endlich los. Wir freuen uns auf die knapp 180 Spielerinnen und Spieler, die sich angemeldet haben und w\u00fcnschen allen viel Erfolg und Spa\u00df bei den Spielen!<\/p>\n<\/div><\/div>\n<\/div>\n<\/div>\n<\/div>\n\n<\/li><li class=\"wp-block-post post-927 post type-post status-publish format-standard hentry category-allgemein tag-news\">\n\n<div class=\"wp-block-group has-border-color is-vertical is-content-justification-left is-nowrap is-layout-flex wp-container-core-group-is-layout-10 wp-block-group-is-layout-flex\" style=\"border-color:#dddddd;border-width:1px;border-radius:0px;min-height:360px;margin-top:0;margin-bottom:0;padding-top:0;padding-right:4px;padding-bottom:0;padding-left:4px\">\n<div class=\"wp-block-columns is-layout-flex wp-container-core-columns-is-layout-5 wp-block-columns-is-layout-flex\">\n<div class=\"wp-block-column is-vertically-aligned-top has-global-padding is-layout-constrained wp-container-core-column-is-layout-5 wp-block-column-is-layout-constrained\">\n<div class=\"wp-block-group has-global-padding is-layout-constrained wp-block-group-is-layout-constrained\" style=\"padding-top:var(--wp--preset--spacing--10);padding-right:var(--wp--preset--spacing--10);padding-bottom:var(--wp--preset--spacing--10);padding-left:var(--wp--preset--spacing--10)\"><div class=\"wp-block-post-date\"><time datetime=\"2025-05-24T10:00:00+02:00\">24. Mai 2025<\/time><\/div>\n\n<h3 class=\"wp-block-post-title\"><a href=\"https:\/\/jugend.tennisturnier-heufeld.de\/index.php\/nur-noch-75-tage-bis-zum-start\/\" target=\"_self\" >Nur noch 75 Tage bis zum Start!<\/a><\/h3>\n\n<div class=\"entry-content wp-block-post-content is-layout-flow wp-block-post-content-is-layout-flow\">\n<figure class=\"wp-block-image size-full wp-duotone-unset-5\"><img loading=\"lazy\" decoding=\"async\" width=\"520\" height=\"520\" src=\"https:\/\/jugend.tennisturnier-heufeld.de\/wp-content\/uploads\/2025\/05\/Noch-75-Tage-e1747828757908.png\" alt=\"\" class=\"wp-image-928\"\/><\/figure>\n\n\n\n<p>Die Anmeldung ist noch bis einschlie\u00dflich 3. August 2025 m\u00f6glich. Diese erfolgt \u00fcber tennis.de: <br><a href=\"https:\/\/spieler.tennis.de\/web\/guest\/turniersuche?tournamentId=694738\" target=\"_blank\" rel=\"noreferrer noopener\">Jetzt anmelden zum 25. Heufelder Jugendturnier<\/a><\/p>\n\n\n\n<p class=\"has-small-font-size\"><strong>Achtung:&nbsp;<\/strong><br>Du ben\u00f6tigst eine Lizenz f\u00fcr Ranglisten- und LK-Spieler, um an Turnieren mit Ranglisten- oder LK-Wertung teilnehmen zu k\u00f6nnen. Die reine Lizenz f\u00fcr Ranglisten- und LK-Spieler ist im&nbsp;<strong>tennis.de LIZENZ<\/strong>&nbsp;Abonnement enthalten. Teilnehmerinnen und Teilnehmer am U10 Wettbewerb (m\/w) sind davon ausgenommen.<\/p>\n\n\n\n<p>Wenn du Probleme mit der Anmeldung hast, schreibe uns eine E-Mail:<\/p>\n\n\n\n<p>anmeldung@tennisturnier-heufeld.de<\/p>\n\n\n\n<p>Bitte Name, Vorname, GebDat, Verein, Spielklasse, TelNr angeben.<\/p>\n<\/div><\/div>\n<\/div>\n<\/div>\n<\/div>\n\n<\/li><li class=\"wp-block-post post-463 post type-post status-publish format-standard hentry category-allgemein tag-news\">\n\n<div class=\"wp-block-group has-border-color is-vertical is-content-justification-left is-nowrap is-layout-flex wp-container-core-group-is-layout-12 wp-block-group-is-layout-flex\" style=\"border-color:#dddddd;border-width:1px;border-radius:0px;min-height:360px;margin-top:0;margin-bottom:0;padding-top:0;padding-right:4px;padding-bottom:0;padding-left:4px\">\n<div class=\"wp-block-columns is-layout-flex wp-container-core-columns-is-layout-6 wp-block-columns-is-layout-flex\">\n<div class=\"wp-block-column is-vertically-aligned-top has-global-padding is-layout-constrained wp-container-core-column-is-layout-6 wp-block-column-is-layout-constrained\">\n<div class=\"wp-block-group has-global-padding is-layout-constrained wp-block-group-is-layout-constrained\" style=\"padding-top:var(--wp--preset--spacing--10);padding-right:var(--wp--preset--spacing--10);padding-bottom:var(--wp--preset--spacing--10);padding-left:var(--wp--preset--spacing--10)\"><div class=\"wp-block-post-date\"><time datetime=\"2025-05-06T12:48:37+02:00\">6. Mai 2025<\/time><\/div>\n\n<h3 class=\"wp-block-post-title\"><a href=\"https:\/\/jugend.tennisturnier-heufeld.de\/index.php\/anmeldung-ab-sofort-moeglich\/\" target=\"_self\" >Anmeldung ab sofort m\u00f6glich!<\/a><\/h3>\n\n<div class=\"entry-content wp-block-post-content is-layout-flow wp-block-post-content-is-layout-flow\">\n<figure class=\"wp-block-image size-full wp-duotone-unset-6\"><img loading=\"lazy\" decoding=\"async\" width=\"520\" height=\"520\" src=\"https:\/\/jugend.tennisturnier-heufeld.de\/wp-content\/uploads\/2025\/05\/Anmeldung-moeglich-e1746528920920.png\" alt=\"\" class=\"wp-image-896\"\/><\/figure>\n\n\n\n<p>Das Jugendturnier wurde vom Verband genehmigt und die Anmeldung ist ab sofort und bis einschlie\u00dflich 3. August 2025 m\u00f6glich. Die Anmeldung erfolgt \u00fcber mybigpoint oder tennis.de:<\/p>\n\n\n\n<ul>\n<li><a href=\"https:\/\/spieler.tennis.de\/web\/guest\/turniersuche?tournamentId=694738\" target=\"_blank\" rel=\"noreferrer noopener\">25. Heufelder Jugendturnier<\/a><\/li>\n<\/ul>\n\n\n\n<p><strong>Achtung:\u00a0<\/strong><br>Du ben\u00f6tigst eine Lizenz f\u00fcr Ranglisten- und LK-Spieler, um an Turnieren mit Ranglisten- oder LK-Wertung teilnehmen zu k\u00f6nnen. Die reine Lizenz f\u00fcr Ranglisten- und LK-Spieler ist im\u00a0<strong>tennis.de LIZENZ<\/strong>\u00a0Abonnement enthalten. Teilnehmerinnen und Teilnehmer am U10 Wettbewerb (m\/w) sind davon ausgenommen.<\/p>\n\n\n\n<p><\/p>\n\n\n\n<p>Wenn du Probleme mit der Anmeldung hast, schreibe uns eine E-Mail:<\/p>\n\n\n\n<p><a href=\"mailto:anmeldung@tennistturnier-heufeld.de\">anmeldung@tennisturnier-heufeld.de<\/a><\/p>\n\n\n\n<p>Bitte Name, Vorname, GebDat, Verein, Spielklasse, TelNr angeben.<\/p>\n<\/div><\/div>\n<\/div>\n<\/div>\n<\/div>\n\n<\/li><\/ul>\n\n\n<div class=\"wp-block-columns is-layout-flex wp-container-core-columns-is-layout-7 wp-block-columns-is-layout-flex\">\n<div class=\"wp-block-column is-layout-flow wp-block-column-is-layout-flow\"><nav class=\"wp-block-query-pagination is-layout-flex wp-block-query-pagination-is-layout-flex\" aria-label=\"Seitennummerierung\">\n\n\n<div class=\"wp-block-query-pagination-numbers\"><span aria-current=\"page\" class=\"page-numbers current\">1<\/span>\n<a class=\"page-numbers\" href=\"?query-18-page=2\">2<\/a>\n<a class=\"page-numbers\" href=\"?query-18-page=3\">3<\/a><\/div>\n\n<a href=\"\/index.php\/wp-json\/wp\/v2\/pages\/63?query-18-page=2\" class=\"wp-block-query-pagination-next\">N\u00e4chste Seite<\/a>\n<\/nav><\/div>\n<\/div>\n<\/div>\n","protected":false},"excerpt":{"rendered":"","protected":false},"author":3,"featured_media":0,"parent":0,"menu_order":0,"comment_status":"closed","ping_status":"closed","template":"","meta":{"footnotes":""},"_links":{"self":[{"href":"https:\/\/jugend.tennisturnier-heufeld.de\/index.php\/wp-json\/wp\/v2\/pages\/63"}],"collection":[{"href":"https:\/\/jugend.tennisturnier-heufeld.de\/index.php\/wp-json\/wp\/v2\/pages"}],"about":[{"href":"https:\/\/jugend.tennisturnier-heufeld.de\/index.php\/wp-json\/wp\/v2\/types\/page"}],"author":[{"embeddable":true,"href":"https:\/\/jugend.tennisturnier-heufeld.de\/index.php\/wp-json\/wp\/v2\/users\/3"}],"replies":[{"embeddable":true,"href":"https:\/\/jugend.tennisturnier-heufeld.de\/index.php\/wp-json\/wp\/v2\/comments?post=63"}],"version-history":[{"count":15,"href":"https:\/\/jugend.tennisturnier-heufeld.de\/index.php\/wp-json\/wp\/v2\/pages\/63\/revisions"}],"predecessor-version":[{"id":622,"href":"https:\/\/jugend.tennisturnier-heufeld.de\/index.php\/wp-json\/wp\/v2\/pages\/63\/revisions\/622"}],"wp:attachment":[{"href":"https:\/\/jugend.tennisturnier-heufeld.de\/index.php\/wp-json\/wp\/v2\/media?parent=63"}],"curies":[{"name":"wp","href":"https:\/\/api.w.org\/{rel}","templated":true}]}}