{"id":509,"date":"2024-04-25T00:47:11","date_gmt":"2024-04-24T22:47:11","guid":{"rendered":"https:\/\/jugend.tennisturnier-heufeld.de\/?page_id=509"},"modified":"2025-08-04T11:13:13","modified_gmt":"2025-08-04T09:13:13","slug":"spielerliste","status":"publish","type":"page","link":"https:\/\/jugend.tennisturnier-heufeld.de\/index.php\/spielerliste\/","title":{"rendered":"Spielerliste"},"content":{"rendered":"\n<p>Aktueller Stand Meldungen EINZEL<\/p>\n\n\n\n<figure class=\"wp-block-table is-style-stripes has-small-font-size\"><table><tbody><tr><td>&nbsp;<\/td><td>Name<\/td><td>Vorname<\/td><td>Verein<\/td><\/tr><tr><td>1<\/td><td>Asbeck<\/td><td>Nelia<\/td><td>SC Eching<\/td><\/tr><tr><td>2<\/td><td>Aschemann<\/td><td>Elias<\/td><td>SV Pang<\/td><\/tr><tr><td>3<\/td><td>Auer<\/td><td>Leonard<\/td><td>SV Nu\u00dfdorf<\/td><\/tr><tr><td>4<\/td><td>Bachmann<\/td><td>Jakob<\/td><td>TC Piding<\/td><\/tr><tr><td>5<\/td><td>Bagaric<\/td><td>Velimir<\/td><td>Eintracht Frankfurt<\/td><\/tr><tr><td>6<\/td><td>Bajo<\/td><td>Borna<\/td><td>TC Gr\u00fcn-Wei\u00df Vilsbiburg<\/td><\/tr><tr><td>7<\/td><td>Bareuther<\/td><td>Felix<\/td><td>SV DJK Heufeld<\/td><\/tr><tr><td>8<\/td><td>Bareuther<\/td><td>Philipp<\/td><td>SV DJK Heufeld<\/td><\/tr><tr><td>9<\/td><td>Bartels<\/td><td>Finn<\/td><td>TC Gr\u00fcn-Wei\u00df Vilsbiburg<\/td><\/tr><tr><td>10<\/td><td>Bartl<\/td><td>Johanna<\/td><td>VFL Waldkraiburg<\/td><\/tr><tr><td>11<\/td><td>Baumann<\/td><td>Anton<\/td><td>TSV 1860 Rosenheim<\/td><\/tr><tr><td>12<\/td><td>Baumann<\/td><td>Paul<\/td><td>ATSV Kirchseeon<\/td><\/tr><tr><td>13<\/td><td>Beck<\/td><td>Andreas<\/td><td>DJK Rosenheim<\/td><\/tr><tr><td>14<\/td><td>Behrend<\/td><td>Jonah<\/td><td>SG Hausham<\/td><\/tr><tr><td>15<\/td><td>Berglehner<\/td><td>Adriana<\/td><td>SV Wacker Burghausen<\/td><\/tr><tr><td>16<\/td><td>Berr<\/td><td>Benedikt<\/td><td>SpVgg Zolling<\/td><\/tr><tr><td>17<\/td><td>Berr<\/td><td>Leopold<\/td><td>SpVgg Zolling<\/td><\/tr><tr><td>18<\/td><td>Berr<\/td><td>Valentin<\/td><td>SpVgg Zolling<\/td><\/tr><tr><td>19<\/td><td>Biringer<\/td><td>Max<\/td><td>TSV Haar<\/td><\/tr><tr><td>20<\/td><td>Biringer<\/td><td>Moritz<\/td><td>TSV Haar<\/td><\/tr><tr><td>21<\/td><td>Bischof<\/td><td>Jonas<\/td><td>TUS Gro\u00dfkarolinenfeld<\/td><\/tr><tr><td>22<\/td><td>Blankenhorn<\/td><td>Lion<\/td><td>DJK Rosenheim<\/td><\/tr><tr><td>23<\/td><td>Blecher<\/td><td>Julia<\/td><td>Eintracht Frankfurt<\/td><\/tr><tr><td>24<\/td><td>Boenisch<\/td><td>Christina<\/td><td>DJK Rosenheim<\/td><\/tr><tr><td>25<\/td><td>B\u00f6hmer<\/td><td>Elisabeth<\/td><td>TSV Siegsdorf<\/td><\/tr><tr><td>26<\/td><td>Bong<\/td><td>Kilian<\/td><td>TC 1983 Kirchheim<\/td><\/tr><tr><td>27<\/td><td>B\u00f6nig<\/td><td>Magdalena<\/td><td>TC Kolbermoor<\/td><\/tr><tr><td>28<\/td><td>B\u00f6nig<\/td><td>Raphael<\/td><td>TC Kolbermoor<\/td><\/tr><tr><td>29<\/td><td>B\u00f6ttger<\/td><td>Emily<\/td><td>SV DJK Heufeld<\/td><\/tr><tr><td>30<\/td><td>Boydak<\/td><td>Timur<\/td><td>TC H\u00f6henkirchen<\/td><\/tr><tr><td>31<\/td><td>Brandlhuber<\/td><td>Leni<\/td><td>SV DJK Heufeld<\/td><\/tr><tr><td>32<\/td><td>Brietzke<\/td><td>Mira Sophie<\/td><td>TC Unterf\u00f6hring<\/td><\/tr><tr><td>33<\/td><td>Brosius<\/td><td>Emma<\/td><td>TC Achental Grassau<\/td><\/tr><tr><td>34<\/td><td>Burger<\/td><td>Josef<\/td><td>TV D\u00fcrnbach<\/td><\/tr><tr><td>35<\/td><td>Burger<\/td><td>Rosina<\/td><td>TC Weyarn<\/td><\/tr><tr><td>36<\/td><td>Carvalho<\/td><td>Anton<\/td><td>TC Neuhaus<\/td><\/tr><tr><td>37<\/td><td>Dachs<\/td><td>Julian<\/td><td>TSV M\u00fchldorf<\/td><\/tr><tr><td>38<\/td><td>Dankert<\/td><td>Mats<\/td><td>Eintracht Frankfurt<\/td><\/tr><tr><td>39<\/td><td>Dieckmann<\/td><td>Lorenz<\/td><td>TC Rot-Wei\u00df Landshut<\/td><\/tr><tr><td>40<\/td><td>Dittberner<\/td><td>Tom<\/td><td>Eintracht Frankfurt<\/td><\/tr><tr><td>41<\/td><td>D\u00f6bl<\/td><td>Philip<\/td><td>TC Rottach-Eggern<\/td><\/tr><tr><td>42<\/td><td>Donderer<\/td><td>Manuel<\/td><td>TC Bad Aibling<\/td><\/tr><tr><td>43<\/td><td>Donderer<\/td><td>Miriam<\/td><td>TC Bad Aibling<\/td><\/tr><tr><td>44<\/td><td>D\u00f6ring<\/td><td>Luis<\/td><td>TSV 1860 Rosenheim<\/td><\/tr><tr><td>45<\/td><td>Dorner<\/td><td>Noah<\/td><td>Tennisklub SSV Ulm 1846<\/td><\/tr><tr><td>46<\/td><td>Ebner<\/td><td>Simon<\/td><td>TSV Siegsdorf<\/td><\/tr><tr><td>47<\/td><td>Ege<\/td><td>Jakob<\/td><td>TC Blutenburg M\u00fcnchen<\/td><\/tr><tr><td>48<\/td><td>Fernengel<\/td><td>Paul<\/td><td>TC Bad Aibling<\/td><\/tr><tr><td>49<\/td><td>Figiel<\/td><td>Moritz<\/td><td>TSV 1860 Rosenheim<\/td><\/tr><tr><td>50<\/td><td>Figiel<\/td><td>Paul<\/td><td>TSV 1860 Rosenheim<\/td><\/tr><tr><td>51<\/td><td>Fischer<\/td><td>David<\/td><td>DJK Rosenheim<\/td><\/tr><tr><td>52<\/td><td>Fischer<\/td><td>Gregor<\/td><td>TSV Siegsdorf<\/td><\/tr><tr><td>53<\/td><td>Fleischmann<\/td><td>Benno<\/td><td>TC Bad Aibling<\/td><\/tr><tr><td>54<\/td><td>Frank<\/td><td>Kilian<\/td><td>SV DJK Heufeld<\/td><\/tr><tr><td>55<\/td><td>F\u00fcller<\/td><td>Ben<\/td><td>TSV Haar<\/td><\/tr><tr><td>56<\/td><td>F\u00fcller<\/td><td>Nick<\/td><td>TSV Haar<\/td><\/tr><tr><td>57<\/td><td>Funk<\/td><td>Felix<\/td><td>TC Prien<\/td><\/tr><tr><td>58<\/td><td>Ganser<\/td><td>Moritz<\/td><td>TSV Otterfing<\/td><\/tr><tr><td>59<\/td><td>Ganser<\/td><td>Nick<\/td><td>TSV Otterfing<\/td><\/tr><tr><td>60<\/td><td>Gantner<\/td><td>Lisa<\/td><td>TSV 1860 Rosenheim<\/td><\/tr><tr><td>61<\/td><td>Gietl<\/td><td>Hannes<\/td><td>TC Holzkirchen<\/td><\/tr><tr><td>62<\/td><td>Greppmeier<\/td><td>Carla<\/td><td>TC Raschke Taufkirchen<\/td><\/tr><tr><td>63<\/td><td>Greppmeier<\/td><td>Moritz<\/td><td>TSV 1860 Rosenheim<\/td><\/tr><tr><td>64<\/td><td>Haas<\/td><td>Maxi<\/td><td>ASV Kiefersfelden<\/td><\/tr><tr><td>65<\/td><td>Hagn<\/td><td>Florian<\/td><td>TC Rottach-Eggern<\/td><\/tr><tr><td>66<\/td><td>Haidacher<\/td><td>Benedikt<\/td><td>SV DJK Heufeld<\/td><\/tr><tr><td>67<\/td><td>Halfmann<\/td><td>Mariella<\/td><td>SV Kranzberg<\/td><\/tr><tr><td>68<\/td><td>Hamberger<\/td><td>Luis<\/td><td>TC Bad Aibling<\/td><\/tr><tr><td>69<\/td><td>Hammerschmid<\/td><td>Leander<\/td><td>TSV Marquartstein<\/td><\/tr><tr><td>70<\/td><td>H\u00e4usler<\/td><td>Elias<\/td><td>TC Bayrischzell<\/td><\/tr><tr><td>71<\/td><td>H\u00e4usler<\/td><td>Jonas<\/td><td>TC Bayrischzell<\/td><\/tr><tr><td>72<\/td><td>H\u00e4usler<\/td><td>Ludwig<\/td><td>TC Bayrischzell<\/td><\/tr><tr><td>73<\/td><td>H\u00e4usler<\/td><td>Valentin<\/td><td>TC Bayrischzell<\/td><\/tr><tr><td>74<\/td><td>Heindl<\/td><td>Christian<\/td><td>TV Feldkirchen<\/td><\/tr><tr><td>75<\/td><td>Heindl<\/td><td>Michael<\/td><td>TV Feldkirchen<\/td><\/tr><tr><td>76<\/td><td>Hodzic<\/td><td>Enna<\/td><td>DJK Rosenheim<\/td><\/tr><tr><td>77<\/td><td>Hois<\/td><td>Maximilian<\/td><td>TSV Neubiberg-Ottobrunn<\/td><\/tr><tr><td>78<\/td><td>Hois<\/td><td>Vincent<\/td><td>TSV Neubiberg-Ottobrunn<\/td><\/tr><tr><td>79<\/td><td>H\u00f6llermann<\/td><td>Clara<\/td><td>TC Grosshesselohe<\/td><\/tr><tr><td>80<\/td><td>Holz<\/td><td>Kilian<\/td><td>TC Dorfen<\/td><\/tr><tr><td>81<\/td><td>Hopfner<\/td><td>Mario<\/td><td>DJK Rosenheim<\/td><\/tr><tr><td>82<\/td><td>Horbaschek<\/td><td>Theo<\/td><td>TSV 1860 Rosenheim<\/td><\/tr><tr><td>83<\/td><td>Huber<\/td><td>Benno<\/td><td>TC Miesbach<\/td><\/tr><tr><td>84<\/td><td>Huber<\/td><td>Emma<\/td><td>TC Miesbach<\/td><\/tr><tr><td>85<\/td><td>Hundsrucker<\/td><td>Eliah<\/td><td>TC Holzkirchen<\/td><\/tr><tr><td>86<\/td><td>Jankovits<\/td><td>Emma<\/td><td>TC Kolbermoor<\/td><\/tr><tr><td>87<\/td><td>Jankovits<\/td><td>Luis<\/td><td>TC Kolbermoor<\/td><\/tr><tr><td>88<\/td><td>Jansen<\/td><td>Milan<\/td><td>SV Wacker Burghausen<\/td><\/tr><tr><td>89<\/td><td>Jaschniski<\/td><td>Leonie<\/td><td>SV Kranzberg<\/td><\/tr><tr><td>90<\/td><td>Jones<\/td><td>Henry<\/td><td>TC Grosshesselohe<\/td><\/tr><tr><td>91<\/td><td>Kalb<\/td><td>Bastian<\/td><td>SV DJK Heufeld<\/td><\/tr><tr><td>92<\/td><td>Kaske<\/td><td>Nicolas<\/td><td>TC Raschke Taufkirchen<\/td><\/tr><tr><td>93<\/td><td>Keilmann<\/td><td>Lara<\/td><td>TSV 1860 Rosenheim<\/td><\/tr><tr><td>94<\/td><td>Keilmann<\/td><td>Nadine<\/td><td>TSV Siegsdorf<\/td><\/tr><tr><td>95<\/td><td>Kirschberger<\/td><td>Simon<\/td><td>SG Hausham<\/td><\/tr><tr><td>96<\/td><td>Knauer<\/td><td>Franz<\/td><td>DJK Darching<\/td><\/tr><tr><td>97<\/td><td>Kohl<\/td><td>Georg<\/td><td>TC Bad Aibling<\/td><\/tr><tr><td>98<\/td><td>Kohl<\/td><td>Wolfgang<\/td><td>TC Bad Aibling<\/td><\/tr><tr><td>99<\/td><td>K\u00f6ll<\/td><td>Hans<\/td><td>SG Hausham<\/td><\/tr><tr><td>100<\/td><td>K\u00f6ll<\/td><td>Quirin<\/td><td>SG Hausham<\/td><\/tr><tr><td>101<\/td><td>Krippner<\/td><td>Korbinian<\/td><td>TC Bayrischzell<\/td><\/tr><tr><td>102<\/td><td>Kronast<\/td><td>Hannes<\/td><td>TSV 1860 Rosenheim<\/td><\/tr><tr><td>103<\/td><td>Kronast<\/td><td>Simon<\/td><td>TSV 1860 Rosenheim<\/td><\/tr><tr><td>104<\/td><td>Krutzler<\/td><td>Jonas<\/td><td>TC Piding<\/td><\/tr><tr><td>105<\/td><td>K\u00fchfu\u00df<\/td><td>Nikola<\/td><td>DJK Rosenheim<\/td><\/tr><tr><td>106<\/td><td>Landsberger<\/td><td>Josefine<\/td><td>TC Ismaning<\/td><\/tr><tr><td>107<\/td><td>Leibig<\/td><td>Vincent<\/td><td>TV D\u00fcrnbach<\/td><\/tr><tr><td>108<\/td><td>Leipold-Haas<\/td><td>Max<\/td><td>Eintracht Frankfurt<\/td><\/tr><tr><td>109<\/td><td>Lindner<\/td><td>Jakob<\/td><td>TV Feldkirchen<\/td><\/tr><tr><td>110<\/td><td>Linke<\/td><td>Amadea<\/td><td>TSV 1860 Rosenheim<\/td><\/tr><tr><td>111<\/td><td>Linke<\/td><td>Laetitia<\/td><td>TC Bad Aibling<\/td><\/tr><tr><td>112<\/td><td>Manns<\/td><td>Theodor<\/td><td>MTTC Iphitos M\u00fcnchen<\/td><\/tr><tr><td>113<\/td><td>Manns<\/td><td>Victor<\/td><td>MTTC Iphitos M\u00fcnchen<\/td><\/tr><tr><td>114<\/td><td>Marsano<\/td><td>Chiara<\/td><td>TSV 1860 Rosenheim<\/td><\/tr><tr><td>115<\/td><td>Marsano<\/td><td>Fabio<\/td><td>TSV 1860 Rosenheim<\/td><\/tr><tr><td>116<\/td><td>M\u00fcnchehofer<\/td><td>Leni<\/td><td>TC Raschke Taufkirchen<\/td><\/tr><tr><td>117<\/td><td>Ntamotsidis<\/td><td>Leonidas<\/td><td>TC \u00dcbersee<\/td><\/tr><tr><td>118<\/td><td>Nun<\/td><td>Valentina<\/td><td>TC Rot-Blau Regensburg<\/td><\/tr><tr><td>119<\/td><td>Odekerken<\/td><td>Mateo<\/td><td>Eintracht Frankfurt<\/td><\/tr><tr><td>120<\/td><td>Oetzbach<\/td><td>Maxima<\/td><td>TC Unterf\u00f6hring<\/td><\/tr><tr><td>121<\/td><td>Palm<\/td><td>Oskar<\/td><td>Eintracht Frankfurt<\/td><\/tr><tr><td>122<\/td><td>Pana<\/td><td>Ernest<\/td><td>TSV 1860 Rosenheim<\/td><\/tr><tr><td>123<\/td><td>Pfeiffer<\/td><td>Bastian<\/td><td>TC Neuhaus<\/td><\/tr><tr><td>124<\/td><td>Pippig<\/td><td>Paul<\/td><td>SpVgg Zolling<\/td><\/tr><tr><td>125<\/td><td>Plenk<\/td><td>Finn<\/td><td>TC Ruhpolding<\/td><\/tr><tr><td>126<\/td><td>Prei\u00dfler<\/td><td>Tristan<\/td><td>TSV 1860 Rosenheim<\/td><\/tr><tr><td>127<\/td><td>Puchtinger<\/td><td>Emilia<\/td><td>SV Schlo\u00dfberg-Stephanskirchen<\/td><\/tr><tr><td>128<\/td><td>Reiter<\/td><td>Luca Pol<\/td><td>DJK Rosenheim<\/td><\/tr><tr><td>129<\/td><td>Riffel<\/td><td>Lina<\/td><td>TV Feldkirchen<\/td><\/tr><tr><td>130<\/td><td>Robold<\/td><td>Corbinian<\/td><td>TC Achental Grassau<\/td><\/tr><tr><td>131<\/td><td>Roser<\/td><td>Alina<\/td><td>DJK Rosenheim<\/td><\/tr><tr><td>132<\/td><td>Roser<\/td><td>David<\/td><td>DJK Rosenheim<\/td><\/tr><tr><td>133<\/td><td>Rusch<\/td><td>Bejamin<\/td><td>SV DJK Heufeld<\/td><\/tr><tr><td>134<\/td><td>Schatz<\/td><td>Samuel<\/td><td>TC Reitmehring<\/td><\/tr><tr><td>135<\/td><td>Schilling<\/td><td>Vincent<\/td><td>SV DJK Heufeld<\/td><\/tr><tr><td>136<\/td><td>Schleifenbaum<\/td><td>Felix<\/td><td>TC Bad Aibling<\/td><\/tr><tr><td>137<\/td><td>Schlo\u00dfer<\/td><td>Valentin<\/td><td>TV Feldkirchen<\/td><\/tr><tr><td>138<\/td><td>Schmid<\/td><td>Jakob<\/td><td>SV Neukirchen<\/td><\/tr><tr><td>139<\/td><td>Schmid<\/td><td>Leonie<\/td><td>TSV Siegsdorf<\/td><\/tr><tr><td>140<\/td><td>Schmid<\/td><td>Linoel<\/td><td>TSV Siegsdorf<\/td><\/tr><tr><td>141<\/td><td>Sch\u00f6ffel<\/td><td>Niklas<\/td><td>TC Raschke Taufkirchen<\/td><\/tr><tr><td>142<\/td><td>Schreiber<\/td><td>Philipp<\/td><td>TC Prien<\/td><\/tr><tr><td>143<\/td><td>Schreiner<\/td><td>Sophia<\/td><td>SV DJK Heufeld<\/td><\/tr><tr><td>144<\/td><td>Schwarz<\/td><td>Josch<\/td><td>SV Nu\u00dfdorf<\/td><\/tr><tr><td>145<\/td><td>Schwarz<\/td><td>Line<\/td><td>SV Nu\u00dfdorf<\/td><\/tr><tr><td>146<\/td><td>Schweiger<\/td><td>Niklas<\/td><td>TC Bad Reichenhall<\/td><\/tr><tr><td>147<\/td><td>Seeberger<\/td><td>Raffael<\/td><td>TA Sportfreunde Schwendi<\/td><\/tr><tr><td>148<\/td><td>Seeberger<\/td><td>Sofia<\/td><td>TA Sportfreunde Schwendi<\/td><\/tr><tr><td>149<\/td><td>Seeboth<\/td><td>Luisa<\/td><td>TF Dachau<\/td><\/tr><tr><td>150<\/td><td>Senftleben<\/td><td>Sophie<\/td><td>TC Oberaudorf<\/td><\/tr><tr><td>151<\/td><td>Siebeneicher<\/td><td>Alina<\/td><td>DJK Rosenheim<\/td><\/tr><tr><td>152<\/td><td>Slavetinsky<\/td><td>Felix<\/td><td>DJK Rosenheim<\/td><\/tr><tr><td>153<\/td><td>Steinberger<\/td><td>Luis<\/td><td>TC Achental Grassau<\/td><\/tr><tr><td>154<\/td><td>Steinhaeuser<\/td><td>Moritz<\/td><td>TC Prien<\/td><\/tr><tr><td>155<\/td><td>Stocker<\/td><td>Felix<\/td><td>TC Grosshesselohe<\/td><\/tr><tr><td>156<\/td><td>Stupakova<\/td><td>Leyla<\/td><td>SV DJK Heufeld<\/td><\/tr><tr><td>157<\/td><td>Suter<\/td><td>Leopold<\/td><td>SC Frankfurt<\/td><\/tr><tr><td>158<\/td><td>Tancredi<\/td><td>Gianna<\/td><td>TSV Moosach M\u00fcnchen<\/td><\/tr><tr><td>159<\/td><td>Tancredi<\/td><td>Julian<\/td><td>TSV Moosach M\u00fcnchen<\/td><\/tr><tr><td>160<\/td><td>Teschner<\/td><td>Bastian<\/td><td>TV Feldkirchen<\/td><\/tr><tr><td>161<\/td><td>Thiele<\/td><td>Florian<\/td><td>DJK Rosenheim<\/td><\/tr><tr><td>162<\/td><td>Thrainer<\/td><td>Thomas<\/td><td>SV Nu\u00dfdorf<\/td><\/tr><tr><td>163<\/td><td>Thu\u00dfba\u00df<\/td><td>Maximilian<\/td><td>SV Amerang<\/td><\/tr><tr><td>164<\/td><td>Tillert<\/td><td>Nico<\/td><td>SpVgg Zolling<\/td><\/tr><tr><td>165<\/td><td>Vogel<\/td><td>Leon<\/td><td>GW Luitpark M\u00fcnchen<\/td><\/tr><tr><td>166<\/td><td>Wammetsberger<\/td><td>Kilian<\/td><td>TC Kolbermoor<\/td><\/tr><tr><td>167<\/td><td>Wanderkus<\/td><td>Stefan<\/td><td>DJK Rosenheim<\/td><\/tr><tr><td>168<\/td><td>Wei\u00dfenbacher<\/td><td>Sophie<\/td><td>TC Miesbach<\/td><\/tr><tr><td>169<\/td><td>Wernhoff<\/td><td>Ben<\/td><td>TC Rottach-Eggern<\/td><\/tr><tr><td>170<\/td><td>Wimmer<\/td><td>Kilian<\/td><td>TC Miesbach<\/td><\/tr><tr><td>171<\/td><td>Wimmer<\/td><td>Lea-Sophie<\/td><td>Degerndorf TC Brannenburg<\/td><\/tr><tr><td>172<\/td><td>Wissinger<\/td><td>Felix<\/td><td>TV Feldkirchen<\/td><\/tr><tr><td>173<\/td><td>Wolf<\/td><td>Leonard<\/td><td>TSV 1860 Rosenheim<\/td><\/tr><tr><td>174<\/td><td>W\u00f6lflick<\/td><td>Elias<\/td><td>TSV 1860 Rosenheim<\/td><\/tr><tr><td>175<\/td><td>W\u00fcnsch<\/td><td>Helena<\/td><td>TSV 1860 Rosenheim<\/td><\/tr><tr><td>176<\/td><td>W\u00fcnsch<\/td><td>Sarah<\/td><td>TSV 1860 Rosenheim<\/td><\/tr><tr><td>177<\/td><td>Zauner<\/td><td>Bastian<\/td><td>TC \u00dcbersee<\/td><\/tr><tr><td>178<\/td><td>Zelger<\/td><td>Luca<\/td><td>SV Schlo\u00dfberg-Stephanskirchen<\/td><\/tr><tr><td>179<\/td><td>Z\u00f6rnig<\/td><td>Carlotta<\/td><td>Eintracht Frankfurt<\/td><\/tr><tr><td>&nbsp;<\/td><td>&nbsp;<\/td><td>&nbsp;<\/td><td>&nbsp;<\/td><\/tr><\/tbody><\/table><\/figure>\n\n\n\n<p>Aktueller Stand Meldungen DOPPEL<\/p>\n\n\n\n<figure class=\"wp-block-table is-style-stripes has-small-font-size\"><table><tbody><tr><td>&nbsp;<\/td><td>Name 1<\/td><td>Name 2<\/td><td>Vereine<\/td><\/tr><tr><td>1<\/td><td>Slavetinsky, Felix<\/td><td>Thiele, Florian<\/td><td>DJK Rosenheim<\/td><\/tr><tr><td>2<\/td><td>Frank, Kilian<\/td><td>Baumann, Paul<\/td><td>SV DJK Heufeld\/ATSV Kirchseeon<\/td><\/tr><tr><td>3<\/td><td>Dachs, Julian<\/td><td>Jansen, Milan<\/td><td>TSV M\u00fchldorf\/SV Wacker Burghausen<\/td><\/tr><tr><td>4<\/td><td>Pfeiffer, Bastan<\/td><td>Carvalho, Anton<\/td><td>TC Neuhaus<\/td><\/tr><tr><td>5<\/td><td>Wammetsberger, Johanna<\/td><td>B\u00f6nig, Magdalena<\/td><td>TC Kolbermoor<\/td><\/tr><tr><td>6<\/td><td>Zauner, Bastian<\/td><td>Robold, Corbinian<\/td><td>TC \u00dcbersee\/TC Achental Grassau<\/td><\/tr><tr><td>7<\/td><td>Heindl, Michael<\/td><td>Szabados, Valentin<\/td><td>TV Feldkirchen\/SV Pang<\/td><\/tr><tr><td>8<\/td><td>Keilmann, Lara<\/td><td>Puchtlinger, Emma<\/td><td>TSV 1860 Rosenheim<\/td><\/tr><tr><td>9<\/td><td>Kaske, Nicolas<\/td><td>Figuel, Paul<\/td><td>TC Raschke Taufkirchen\/TSV 1860 Rosenheim<\/td><\/tr><tr><td>10<\/td><td>Leibig, Vincent<\/td><td>Manns, Theodor<\/td><td>TV D\u00fcrnbach\/MTTC Iphitos M\u00fcnchen<\/td><\/tr><tr><td>11<\/td><td>Bajo, Borna<\/td><td>Bartels, Finn<\/td><td>TC Gr\u00fcn-Wei\u00df Vilsbiburg<\/td><\/tr><tr><td>12<\/td><td>Daxlbeger, Lena-Sofie<\/td><td>Peter, Fabiola<\/td><td>DJK Rosenheim<\/td><\/tr><tr><td>13<\/td><td>Jaschniski, Leonie<\/td><td>Halfmann, Mariella<\/td><td>SV Kranzberg<\/td><\/tr><tr><td>14<\/td><td>Kohl, Wolfgang<\/td><td>Hamberger, Luis<\/td><td>TC Bad Aibling<\/td><\/tr><tr><td>15<\/td><td>Reiter, Luca Pol<\/td><td>K\u00fchfu\u00df, Pino<\/td><td>DJK Rosenheim<\/td><\/tr><tr><td>16<\/td><td>Figiel, Paul<\/td><td>Sch\u00f6ffel, Niklas<\/td><td>TSV 1860 Rosenheim\/TC Raschke Taufkirchen<\/td><\/tr><tr><td>17<\/td><td>Daxlbeger, Lena-Sofie<\/td><td>K\u00fchfu\u00df, Pino<\/td><td>DJK Rosenheim<\/td><\/tr><tr><td>18<\/td><td>Linke, Amadea<\/td><td>Gantner, Lisa<\/td><td>TSV 1860 Rosenheim<\/td><\/tr><tr><td>19<\/td><td>Bachmann, Jakob<\/td><td>Schmid, Jakob<\/td><td>TC Piding\/SV Neukirchen<\/td><\/tr><tr><td>20<\/td><td>Verbega, Leonie<\/td><td>Siebeneicher, Alina<\/td><td>TC Schnaitsee\/DJK Rosenheim<\/td><\/tr><tr><td>21<\/td><td>Wimmer, Lea-Sophie<\/td><td>P\u00fcschmann, Maya<\/td><td>Degerndorf TC Brannenburg<\/td><\/tr><tr><td>22<\/td><td>Krutzler, Jonas<\/td><td>Fischer, Gregor<\/td><td>TC Piding\/TSV Siegsdorf<\/td><\/tr><tr><td>23<\/td><td>Heindl, Christian<\/td><td>Aschemann, Elias<\/td><td>TV Feldkirchen\/SV Pang<\/td><\/tr><tr><td>24<\/td><td>Funk, Felix<\/td><td>Schreiber, Philipp<\/td><td>TC Prien<\/td><\/tr><tr><td>25<\/td><td>Greppmeier, Moritz<\/td><td>W\u00f6lflick, Elias<\/td><td>TSV 1860 Rosenheim<\/td><\/tr><tr><td>26<\/td><td>Berr, Leopold<\/td><td>Pippig, Paul<\/td><td>SpVgg Zolling<\/td><\/tr><tr><td>27<\/td><td>K\u00f6ll, Quirin<\/td><td>Mastrogiannis, Leo<\/td><td>SG Hausham\/TC Weyarn<\/td><\/tr><tr><td>28<\/td><td>K\u00f6ll, Hans<\/td><td>Kirschberger, Simon<\/td><td>SG Hausham<\/td><\/tr><tr><td>29<\/td><td>Huber, Benno<\/td><td>Ganser, Moritz<\/td><td>TC Miesbach\/TC Brunnthal<\/td><\/tr><tr><td>30<\/td><td>Greppmeier, Moritz<\/td><td>Figiel, Moritz<\/td><td>TSV 1860 Rosenheim<\/td><\/tr><tr><td>31<\/td><td>Bajo, Borna<\/td><td>Schatz, Samuel<\/td><td>TC Gr\u00fcn-Wei\u00df Vilsbiburg<\/td><\/tr><tr><td>32<\/td><td>Donderer, Manuel<\/td><td>Schleifenbaum, Felix<\/td><td>TC Bad Aibling<\/td><\/tr><tr><td>33<\/td><td>Blankenhorn, Lion<\/td><td>Schlo\u00dfer, Valentin<\/td><td>DJK Rosenheim\/TV Feldkirchen<\/td><\/tr><tr><td>34<\/td><td>Wammetsberger,Kilian<\/td><td>B\u00f6nig, Raphael<\/td><td>TC Kolbermoor<\/td><\/tr><tr><td>35<\/td><td>Boydak, Leyla<\/td><td>Prechtl, Lya<\/td><td>TC H\u00f6henkirchen<\/td><\/tr><tr><td>36<\/td><td>Gelling, Elias<\/td><td>Haidacher, Benedikt<\/td><td>SV DJK Heufeld<\/td><\/tr><tr><td>37<\/td><td>Bareuther, Philipp<\/td><td>Rusch, Benjamin<\/td><td>SV DJK Heufeld<\/td><\/tr><tr><td>38<\/td><td>Keilmann, Lara<\/td><td>Boenisch, Christina<\/td><td>TSV 1860 Rosenheim\/DJK Rosenheim<\/td><\/tr><tr><td>39<\/td><td>Heindl, Christian<\/td><td>D\u00f6bl, Philipp<\/td><td>TV Feldkirchen\/TC Rottach-Eggern<\/td><\/tr><tr><td>40<\/td><td>Biringer, Moritz<\/td><td>F\u00fcller, Ben<\/td><td>TSV Haar<\/td><\/tr><tr><td>41<\/td><td>Biringer, Max<\/td><td>F\u00fcller, Nick<\/td><td>TSV Haar<\/td><\/tr><\/tbody><\/table><\/figure>\n\n\n\n<p><\/p>\n\n\n\n<p>Aktueller Stand Meldungen MIXED<\/p>\n\n\n\n<figure class=\"wp-block-table is-style-stripes has-small-font-size\"><table><tbody><tr><td>&nbsp;<\/td><td>Spielerin<\/td><td>Spieler<\/td><td>Vereine<\/td><\/tr><tr><td>1<\/td><td>W\u00fcnsch, Sarah<\/td><td>Schweiger, Niklas<\/td><td>TSV 1860 Rosenheim\/TC Oberaudorf<\/td><\/tr><tr><td>2<\/td><td>&nbsp;Huber, Emma<\/td><td>&nbsp;Pfeiffer, Bastian<\/td><td>&nbsp;TC Miesbach\/TC Neuhaus<\/td><\/tr><tr><td>3<\/td><td>Siebeneicher, Alina<\/td><td>Hagn, Florian<\/td><td>DJK Rosenheim\/TC Rottach-Eggern<\/td><\/tr><tr><td>4<\/td><td>Verbega, Leonie<\/td><td>Holz, Kilian<\/td><td>TC Schnaitsee\/TC Dorfen<\/td><\/tr><tr><td>5<\/td><td>Greppmeier, Carla<\/td><td>Sch\u00f6ffel, Niklas<\/td><td>TC Raschke Taufkirchen<\/td><\/tr><tr><td>6<\/td><td>Boenisch, Christina<\/td><td>Fischer, David<\/td><td>DJK Rosenheim<\/td><\/tr><tr><td>7<\/td><td>Daxlberger, Lena-Sofie<\/td><td>K\u00fchfu\u00df, Nikola<\/td><td>DJK Rosenheim<\/td><\/tr><\/tbody><\/table><\/figure>\n\n\n\n<p><\/p>\n\n\n\n<p><\/p>\n","protected":false},"excerpt":{"rendered":"<p>Aktueller Stand Meldungen EINZEL &nbsp; Name Vorname Verein 1 Asbeck Nelia SC Eching 2 Aschemann Elias SV Pang 3 Auer Leonard SV Nu\u00dfdorf 4 Bachmann Jakob TC Piding 5 Bagaric Velimir Eintracht Frankfurt 6 Bajo Borna TC Gr\u00fcn-Wei\u00df Vilsbiburg 7 Bareuther Felix SV DJK Heufeld 8 Bareuther Philipp SV DJK Heufeld 9 Bartels Finn TC [&hellip;]<\/p>\n","protected":false},"author":2,"featured_media":0,"parent":0,"menu_order":0,"comment_status":"closed","ping_status":"closed","template":"","meta":{"footnotes":""},"_links":{"self":[{"href":"https:\/\/jugend.tennisturnier-heufeld.de\/index.php\/wp-json\/wp\/v2\/pages\/509"}],"collection":[{"href":"https:\/\/jugend.tennisturnier-heufeld.de\/index.php\/wp-json\/wp\/v2\/pages"}],"about":[{"href":"https:\/\/jugend.tennisturnier-heufeld.de\/index.php\/wp-json\/wp\/v2\/types\/page"}],"author":[{"embeddable":true,"href":"https:\/\/jugend.tennisturnier-heufeld.de\/index.php\/wp-json\/wp\/v2\/users\/2"}],"replies":[{"embeddable":true,"href":"https:\/\/jugend.tennisturnier-heufeld.de\/index.php\/wp-json\/wp\/v2\/comments?post=509"}],"version-history":[{"count":303,"href":"https:\/\/jugend.tennisturnier-heufeld.de\/index.php\/wp-json\/wp\/v2\/pages\/509\/revisions"}],"predecessor-version":[{"id":1137,"href":"https:\/\/jugend.tennisturnier-heufeld.de\/index.php\/wp-json\/wp\/v2\/pages\/509\/revisions\/1137"}],"wp:attachment":[{"href":"https:\/\/jugend.tennisturnier-heufeld.de\/index.php\/wp-json\/wp\/v2\/media?parent=509"}],"curies":[{"name":"wp","href":"https:\/\/api.w.org\/{rel}","templated":true}]}}