{"id":23,"date":"2024-04-04T17:36:39","date_gmt":"2024-04-04T15:36:39","guid":{"rendered":"https:\/\/jugend.tennisturnier-heufeld.de\/?page_id=23"},"modified":"2025-08-09T21:16:56","modified_gmt":"2025-08-09T19:16:56","slug":"zeitplan","status":"publish","type":"page","link":"https:\/\/jugend.tennisturnier-heufeld.de\/index.php\/zeitplan\/","title":{"rendered":"Terminplan"},"content":{"rendered":"\n<p><\/p>\n\n\n\n<p class=\"has-contrast-2-color has-text-color has-link-color wp-elements-1bfcc692fdc6e1a8c455d898ae494b79\"><strong>Liebe Teilnehmer<\/strong>,<br><\/p>\n\n\n\n<p class=\"has-contrast-2-color has-text-color has-link-color wp-elements-b6fb2f2b7b029029e02a7f9f08ec4f2d\"><strong>Hier k\u00f6nnt ihr euch den aktuellen Terminplan f\u00fcr Sonntag anschauen.<\/strong><\/p>\n\n\n\n<p class=\"has-contrast-2-color has-text-color has-link-color has-medium-font-size wp-elements-f6c3e6a97ad775c3125961bc9a73686f\"><strong><a href=\"https:\/\/jugend.tennisturnier-heufeld.de\/wp-content\/uploads\/2025\/08\/20250810_Terminliste-25.-Heufelder-Jugendturnier.pdf\" data-type=\"attachment\" data-id=\"1181\">Terminliste Sonntag, 10.08.2025<\/a><\/strong><\/p>\n\n\n\n<p><strong>Bitte pr\u00fcft unsere Homepage und den Zeitplan auf mybigpoint regelm\u00e4\u00dfig und mal vor Abfahrt, da wir mglw. wegen des Wetters den aktuellen Spielplan anpassen und teilweise \u00e4ndern m\u00fcssen.<\/strong><\/p>\n\n\n\n<p><strong>Wir bitten die Spielerinnen und Spieler sich mindestens 30 Minuten vor ihrem Spiel bei der Turnierleitung auf der Tennisanlage des SV DJK Heufeld anzumelden!<\/strong><\/p>\n\n\n\n<p><\/p>\n\n\n\n<p class=\"has-contrast-2-color has-text-color has-link-color has-medium-font-size wp-elements-60df42af2a612f5e16e36c7a71055edc\">Bei Anfahrtsproblemen bitte unbedingt rechtzeitig anrufen: 08061-36119 oder 0176-55 51 59 68<br><br><strong>HINWEISE:<\/strong><\/p>\n\n\n\n<p class=\"has-contrast-2-color has-text-color has-link-color wp-elements-5d729671b34fb813eff06bd4dc38d6f6\"><\/p>\n\n\n\n<p class=\"has-large-font-size\"><strong>Bitte w\u00e4hrend der \u00d6ffnungszeiten Mittwoch &#8211; Samstag (08:00 bis 18:00 Uhr) nicht auf den Parkpl\u00e4tzen des HageBaumarkt parken!<\/strong><\/p>\n\n\n\n<p class=\"has-contrast-2-color has-text-color has-link-color has-large-font-size wp-elements-37c78590e9361cec6b58f0fd09ac6dac\"><\/p>\n","protected":false},"excerpt":{"rendered":"<p>Liebe Teilnehmer, Hier k\u00f6nnt ihr euch den aktuellen Terminplan f\u00fcr Sonntag anschauen. Terminliste Sonntag, 10.08.2025 Bitte pr\u00fcft unsere Homepage und den Zeitplan auf mybigpoint regelm\u00e4\u00dfig und mal vor Abfahrt, da wir mglw. wegen des Wetters den aktuellen Spielplan anpassen und teilweise \u00e4ndern m\u00fcssen. Wir bitten die Spielerinnen und Spieler sich mindestens 30 Minuten vor ihrem [&hellip;]<\/p>\n","protected":false},"author":3,"featured_media":0,"parent":0,"menu_order":0,"comment_status":"closed","ping_status":"closed","template":"","meta":{"footnotes":""},"_links":{"self":[{"href":"https:\/\/jugend.tennisturnier-heufeld.de\/index.php\/wp-json\/wp\/v2\/pages\/23"}],"collection":[{"href":"https:\/\/jugend.tennisturnier-heufeld.de\/index.php\/wp-json\/wp\/v2\/pages"}],"about":[{"href":"https:\/\/jugend.tennisturnier-heufeld.de\/index.php\/wp-json\/wp\/v2\/types\/page"}],"author":[{"embeddable":true,"href":"https:\/\/jugend.tennisturnier-heufeld.de\/index.php\/wp-json\/wp\/v2\/users\/3"}],"replies":[{"embeddable":true,"href":"https:\/\/jugend.tennisturnier-heufeld.de\/index.php\/wp-json\/wp\/v2\/comments?post=23"}],"version-history":[{"count":32,"href":"https:\/\/jugend.tennisturnier-heufeld.de\/index.php\/wp-json\/wp\/v2\/pages\/23\/revisions"}],"predecessor-version":[{"id":1183,"href":"https:\/\/jugend.tennisturnier-heufeld.de\/index.php\/wp-json\/wp\/v2\/pages\/23\/revisions\/1183"}],"wp:attachment":[{"href":"https:\/\/jugend.tennisturnier-heufeld.de\/index.php\/wp-json\/wp\/v2\/media?parent=23"}],"curies":[{"name":"wp","href":"https:\/\/api.w.org\/{rel}","templated":true}]}}